{"id":222,"date":"2025-11-06T23:29:44","date_gmt":"2025-11-06T22:29:44","guid":{"rendered":"https:\/\/siapro-group.com\/?page_id=222"},"modified":"2025-11-10T20:44:01","modified_gmt":"2025-11-10T19:44:01","slug":"enews","status":"publish","type":"page","link":"https:\/\/siapro-group.com\/en\/e-novice\/","title":{"rendered":"e-News"},"content":{"rendered":"<section class=\"bde-section-222-316 bde-section\">\n              \n  \n  \n\t\n\n\n\n<div class=\"section-container\"><h1 class=\"bde-heading-222-102 bde-heading\">\nE-NOVICE\n<\/h1><div class=\"bde-text-222-320 bde-text\">\nPrijavite se na e-novice in spremljajte zadnje dogodke na izbranem podro\u010dju.\n<\/div><\/div>\n<\/section><section class=\"bde-section-222-332 bde-section\">\n  \n  \n\t\n\n\n\n<div class=\"section-container\"><div class=\"bde-rich-text-222-401 bde-rich-text breakdance-rich-text-styles\">\n<p>\nV Siapro razvijamo napredne re\u0161itve za industrijo in trajnostno energijo.  \nS prijavo na na\u0161e e-novice boste redno obve\u0161\u010deni o novih tehnologijah, uspe\u0161no zaklju\u010denih projektih \nin prakti\u010dnih primerih iz industrije.\n<\/p>\n<p>Va\u0161a prijava nam omogo\u010da, da z vami delimo znanje, izku\u0161nje in navdih za prihodnje projekte.<\/p>\n\n<\/div><div class=\"bde-code-block-222-400 bde-code-block\">\n\n  <div id=\"mc_embed_signup\">\n  <link href=\"\/\/cdn-images.mailchimp.com\/embedcode\/classic-061523.css\" rel=\"stylesheet\" type=\"text\/css\">\n  <style>\n    #mc_embed_signup {\n      background: #f9fafb;\n      border-radius: 12px;\n      padding: 30px;\n      max-width: 600px;\n      font-family: \"Helvetica Neue\", Arial, sans-serif;\n      box-shadow: 0 4px 15px rgba(0, 0, 0, 0.08);\n      margin: 0 auto;\n    }\n\n    #mc_embed_signup h2 {\n      color: #1a202c;\n      text-align: center;\n      font-size: 24px;\n      font-weight: 600;\n      margin-bottom: 20px;\n    }\n\n    #mc_embed_signup label {\n      display: block;\n      margin-bottom: 6px;\n      font-weight: 500;\n      color: #2d3748;\n    }\n\n    #mc_embed_signup input[type=\"text\"],\n    #mc_embed_signup input[type=\"email\"] {\n      width: 100%;\n      padding: 10px 12px;\n      border: 1px solid #cbd5e0;\n      border-radius: 6px;\n      margin-bottom: 15px;\n      font-size: 15px;\n      box-sizing: border-box;\n    }\n\n    #mc_embed_signup .mc-field-group ul {\n      list-style: none;\n      padding: 0;\n      margin: 0;\n    }\n\n    #mc_embed_signup .mc-field-group li {\n      margin-bottom: 5px;\n    }\n\n    #mc_embed_signup input[type=\"checkbox\"] {\n      margin-right: 8px;\n    }\n\n    #mc_embed_signup .button {\n      display: inline-block;\n      width: 100%;\n      background-color: #009688;\n      color: white;\n      border: none;\n      border-radius: 8px;\n      padding: 14px 0;\n      font-size: 16px;\n      font-weight: 600;\n      text-align: center;\n      line-height: 1.5; \/* besedilo je lepo centrirano *\/\n      cursor: pointer;\n      transition: background-color 0.2s ease;\n    }\n\n    #mc_embed_signup .button:hover {\n      background-color: #00796b;\n    }\n\n    #mc_embed_signup .content__gdpr {\n      font-size: 14px;\n      color: #4a5568;\n    }\n\n    #mc_embed_signup .content__gdpr p {\n      margin-bottom: 8px;\n    }\n\n    #mc_embed_signup a {\n      color: #009688;\n      text-decoration: none;\n    }\n\n    #mc_embed_signup a:hover {\n      text-decoration: underline;\n    }\n#mc_embed_signup #mc-embedded-subscribe {\n  display: flex !important;\n  align-items: center !important;\n  justify-content: center !important;\n  text-align: center !important;\n  vertical-align: middle !important;\n\n  \/* Stil gumba *\/\n  background-color: #00a859 !important; \/* zelena Siapro barva *\/\n  color: #ffffff !important;\n  font-weight: 600 !important;\n  font-size: 16px !important;\n  padding: 12px 24px !important;\n  border-radius: 6px !important;\n  border: none !important;\n  cursor: pointer !important;\n  transition: background-color 0.3s ease !important;\n  width: 100% !important; \/* \u010de \u017eeli\u0161, da gumb zavzame celo \u0161irino *\/\n}\n\n#mc_embed_signup #mc-embedded-subscribe:hover {\n  background-color: #008b4a !important;\n}\n}\n  <\/style>\n\n  <form\n    action=\"https:\/\/siapro.us7.list-manage.com\/subscribe\/post?u=8307b4d1fc9b20534d751fb77&amp;id=22987f41df&amp;v_id=2965&amp;f_id=00c5a1e0f0\"\n    method=\"post\"\n    id=\"mc-embedded-subscribe-form\"\n    name=\"mc-embedded-subscribe-form\"\n    class=\"validate\"\n    target=\"_blank\"\n  >\n    <h2>Prijava na e-novice<\/h2>\n\n    <div class=\"mc-field-group\">\n      <label for=\"mce-EMAIL\">E-po\u0161tni naslov <span class=\"asterisk\">*<\/span><\/label>\n      <input type=\"email\" name=\"EMAIL\" id=\"mce-EMAIL\" required>\n    <\/div>\n\n    <div class=\"mc-field-group\">\n      <label for=\"mce-FNAME\">Ime <span class=\"asterisk\">*<\/span><\/label>\n      <input type=\"text\" name=\"FNAME\" id=\"mce-FNAME\" required>\n    <\/div>\n\n    <div class=\"mc-field-group\">\n      <label for=\"mce-LNAME\">Priimek <span class=\"asterisk\">*<\/span><\/label>\n      <input type=\"text\" name=\"LNAME\" id=\"mce-LNAME\" required>\n    <\/div>\n\n    <div class=\"mc-field-group\">\n      <label for=\"mce-COMPANY\">Podjetje <span class=\"asterisk\">*<\/span><\/label>\n      <input type=\"text\" name=\"COMPANY\" id=\"mce-COMPANY\" required>\n    <\/div>\n\n    <div class=\"mc-field-group input-group\">\n      <strong>Industrijska oprema<\/strong>\n      <ul>\n        <li><label><input type=\"checkbox\" name=\"group[11][1]\">Peskalni stroji<\/label><\/li>\n        <li><label><input type=\"checkbox\" name=\"group[11][2]\">Transportni sistemi<\/label><\/li>\n        <li><label><input type=\"checkbox\" name=\"group[11][4]\">Livarska oprema<\/label><\/li>\n        <li><label><input type=\"checkbox\" name=\"group[11][8]\">Avtomatizacija<\/label><\/li>\n      <\/ul>\n    <\/div>\n\n    <div class=\"mc-field-group input-group\">\n      <strong>Hidroelektrarne<\/strong>\n      <ul>\n        <li><label><input type=\"checkbox\" name=\"group[12][16]\">Hidroelektrarne<\/label><\/li>\n      <\/ul>\n    <\/div>\n\n    <div id=\"mergeRow-gdpr\" class=\"content__gdpr\">\n      <label>Prijava na novi\u010dke SIAPRO<\/label>\n      <p>Sogla\u0161am z uporabo posredovanih osebnih podatkov za po\u0161iljanje novic, informacij o izdelkih in storitvah, novih ponudbah, akcijah in dogodkih.<\/p>\n\n      <label class=\"checkbox subfield\">\n        <input type=\"checkbox\" name=\"gdpr[69253]\" value=\"Y\" required> Strinjam se\n      <\/label>\n\n      <p>Odjavo lahko kadarkoli opravite s klikom na povezavo v nogi e-sporo\u010dila.<\/p>\n\n      <p class=\"content__gdprLegal\">\n        Uporabljamo platformo Mailchimp za po\u0161iljanje e-novic. S klikom na spodnji gumb potrjujete, da bodo va\u0161i podatki posredovani Mailchimpu v obdelavo. \n        <a href=\"https:\/\/mailchimp.com\/legal\/terms\" target=\"_blank\" rel=\"noopener\">Ve\u010d o zasebnosti<\/a>.\n      <\/p>\n    <\/div>\n\n    <input type=\"submit\" value=\"Po\u0161lji prijavo\" name=\"subscribe\" id=\"mc-embedded-subscribe\" class=\"button\">\n  <\/form>\n<\/div>\n\n\n\n<\/div><\/div>\n<\/section>","protected":false},"excerpt":{"rendered":"<p>E-NOVICE Prijavite se na e-novice in spremljajte zadnje dogodke na izbranem podro\u010dju. V Siapro razvijamo napredne re\u0161itve za industrijo in trajnostno energijo. S prijavo na na\u0161e e-novice boste redno obve\u0161\u010deni o novih tehnologijah, uspe\u0161no zaklju\u010denih projektih in prakti\u010dnih primerih iz industrije. Va\u0161a prijava nam omogo\u010da, da z vami delimo znanje, izku\u0161nje in navdih za prihodnje [&hellip;]<\/p>\n","protected":false},"author":1,"featured_media":0,"parent":0,"menu_order":0,"comment_status":"closed","ping_status":"closed","template":"","meta":{"_breakdance_hide_in_design_set":false,"_breakdance_tags":"","footnotes":""},"class_list":["post-222","page","type-page","status-publish","hentry"],"_links":{"self":[{"href":"https:\/\/siapro-group.com\/en\/wp-json\/wp\/v2\/pages\/222","targetHints":{"allow":["GET"]}}],"collection":[{"href":"https:\/\/siapro-group.com\/en\/wp-json\/wp\/v2\/pages"}],"about":[{"href":"https:\/\/siapro-group.com\/en\/wp-json\/wp\/v2\/types\/page"}],"author":[{"embeddable":true,"href":"https:\/\/siapro-group.com\/en\/wp-json\/wp\/v2\/users\/1"}],"replies":[{"embeddable":true,"href":"https:\/\/siapro-group.com\/en\/wp-json\/wp\/v2\/comments?post=222"}],"version-history":[{"count":14,"href":"https:\/\/siapro-group.com\/en\/wp-json\/wp\/v2\/pages\/222\/revisions"}],"predecessor-version":[{"id":238,"href":"https:\/\/siapro-group.com\/en\/wp-json\/wp\/v2\/pages\/222\/revisions\/238"}],"wp:attachment":[{"href":"https:\/\/siapro-group.com\/en\/wp-json\/wp\/v2\/media?parent=222"}],"curies":[{"name":"wp","href":"https:\/\/api.w.org\/{rel}","templated":true}]}}