{"id":349,"date":"2025-11-24T16:42:33","date_gmt":"2025-11-24T15:42:33","guid":{"rendered":"https:\/\/siapro-group.com\/?page_id=349"},"modified":"2025-11-24T16:44:50","modified_gmt":"2025-11-24T15:44:50","slug":"drum-blasting-machine","status":"publish","type":"page","link":"https:\/\/siapro-group.com\/en\/bobnasti-stroj-za-peskanje\/","title":{"rendered":"Drum Shot-Blasting Machine"},"content":{"rendered":"<h1 class=\"wp-block-heading\">Drum Shot-Blasting Machine<\/h1>\n\n\n\n<figure class=\"wp-block-image size-full\"><img loading=\"lazy\" decoding=\"async\" width=\"846\" height=\"576\" src=\"https:\/\/siapro-group.com\/wp-content\/uploads\/2025\/10\/Siapro-tumbler-shotblasting-machine.jpg\" alt=\"Siapro tumbler shotblasting machine\" class=\"wp-image-142\" srcset=\"https:\/\/siapro-group.com\/wp-content\/uploads\/2025\/10\/Siapro-tumbler-shotblasting-machine.jpg 846w, https:\/\/siapro-group.com\/wp-content\/uploads\/2025\/10\/Siapro-tumbler-shotblasting-machine-300x204.jpg 300w, https:\/\/siapro-group.com\/wp-content\/uploads\/2025\/10\/Siapro-tumbler-shotblasting-machine-768x523.jpg 768w\" sizes=\"auto, (max-width: 846px) 100vw, 846px\" \/><\/figure>\n\n\n\n<p>In the recycling industry in England, our TRC 750 drum shot-blasting machine proves that blasting can be smart, fast, and fully automated. The E.ECO turbines and magnetic separator ensure exceptional efficiency in aluminium processing while reducing the loss of valuable metals.<\/p>\n\n\n\n<p>Our advanced drum blasting system ensures consistent and efficient cleaning even with larger volumes of material, while keeping operating costs low. The TRC 750 model is engineered for reliable, long-term performance and optimal abrasive utilization. It is an ideal solution for companies that require a robust, energy-efficient, and fully automated blasting process in demanding industrial environments.<\/p>\n\n\n\n<p><\/p>\n\n\n\n<p><\/p>","protected":false},"excerpt":{"rendered":"<p>Bobnasti stroj za peskanje V recikla\u017eni industriji v Angliji na\u0161 bobnasti stroj TRC 750 dokazuje, da je peskanje lahko pametno, hitro in popolnoma avtomatizirano. Turbine E.ECO in magnetni separator omogo\u010dajo izjemno u\u010dinkovitost pri obdelavi aluminija ter zmanj\u0161ujejo izgube dragocenih kovin. Na\u0161 napredni bobnasti sistem zagotavlja enakomerno in u\u010dinkovito \u010di\u0161\u010denje tudi pri ve\u010djih koli\u010dinah materiala, hkrati [&hellip;]<\/p>\n","protected":false},"author":2,"featured_media":142,"parent":0,"menu_order":0,"comment_status":"closed","ping_status":"closed","template":"","meta":{"_breakdance_hide_in_design_set":false,"_breakdance_tags":"","footnotes":""},"class_list":["post-349","page","type-page","status-publish","has-post-thumbnail","hentry"],"_links":{"self":[{"href":"https:\/\/siapro-group.com\/en\/wp-json\/wp\/v2\/pages\/349","targetHints":{"allow":["GET"]}}],"collection":[{"href":"https:\/\/siapro-group.com\/en\/wp-json\/wp\/v2\/pages"}],"about":[{"href":"https:\/\/siapro-group.com\/en\/wp-json\/wp\/v2\/types\/page"}],"author":[{"embeddable":true,"href":"https:\/\/siapro-group.com\/en\/wp-json\/wp\/v2\/users\/2"}],"replies":[{"embeddable":true,"href":"https:\/\/siapro-group.com\/en\/wp-json\/wp\/v2\/comments?post=349"}],"version-history":[{"count":3,"href":"https:\/\/siapro-group.com\/en\/wp-json\/wp\/v2\/pages\/349\/revisions"}],"predecessor-version":[{"id":352,"href":"https:\/\/siapro-group.com\/en\/wp-json\/wp\/v2\/pages\/349\/revisions\/352"}],"wp:featuredmedia":[{"embeddable":true,"href":"https:\/\/siapro-group.com\/en\/wp-json\/wp\/v2\/media\/142"}],"wp:attachment":[{"href":"https:\/\/siapro-group.com\/en\/wp-json\/wp\/v2\/media?parent=349"}],"curies":[{"name":"wp","href":"https:\/\/api.w.org\/{rel}","templated":true}]}}